{"id":2641,"date":"2020-10-20T16:51:34","date_gmt":"2020-10-20T14:51:34","guid":{"rendered":"https:\/\/anjikayoga.fr\/?page_id=2641"},"modified":"2020-10-20T16:51:34","modified_gmt":"2020-10-20T14:51:34","slug":"pendant-les-vacances-de-la-toussaint","status":"publish","type":"page","link":"https:\/\/anjikayoga.fr\/?page_id=2641","title":{"rendered":"Pendant les vacances de la Toussaint"},"content":{"rendered":"\n<p>Sat Nam chers \u00e9l\u00e8ves, <\/p>\n\n\n\n<p>J&rsquo;esp\u00e8re que vous allez bien au milieu de ces vents tourbillonnants.  Pendant les vacances de la Toussaint, il n&rsquo;y a pas de cours sur St Jean Chambre, aussi je vous invite, pour ceux qui auraient envie de pratiquer, \u00e0 vous entrainer \u00e0 faire ce kriya sur la r\u00e9sistance aux maladies, que j&rsquo;avais enregistr\u00e9 lors du confinement de mars 2020, et qui est toujours d&rsquo;actualit\u00e9 en ce mois d&rsquo;octobre \ud83d\ude42<\/p>\n\n\n\n<p>Ce kriya permet d\u2019\u00e9viter les rhumes persistants et les maladies, en travaillant sur la digestion et le syst\u00e8me d&rsquo;\u00e9limination, le m\u00e9tabolisme, la force physique pour r\u00e9sister aux maladies.<\/p>\n\n\n\n<p>Belle pratique \u00e0 vous tous et on se retrouve mercredi 4 novembre pour votre cours hebdomadaire \u00e0 St Jean Chambre ?<\/p>\n\n\n\n<figure class=\"wp-block-embed-youtube wp-block-embed is-type-video is-provider-youtube wp-embed-aspect-16-9 wp-has-aspect-ratio\"><div class=\"wp-block-embed__wrapper\">\n<iframe loading=\"lazy\" title=\"KRIYA POUR RESISTER AUX MALADIES KUNDALINI YOGA\" width=\"525\" height=\"295\" src=\"https:\/\/www.youtube.com\/embed\/lYViWY34lTU?feature=oembed\" frameborder=\"0\" allow=\"accelerometer; autoplay; clipboard-write; encrypted-media; gyroscope; picture-in-picture\" allowfullscreen><\/iframe>\n<\/div><\/figure>\n","protected":false},"excerpt":{"rendered":"<p>Sat Nam chers \u00e9l\u00e8ves, J&rsquo;esp\u00e8re que vous allez bien au milieu de ces vents tourbillonnants. Pendant les vacances de la Toussaint, il n&rsquo;y a pas de cours sur St Jean Chambre, aussi je vous invite, pour ceux qui auraient envie de pratiquer, \u00e0 vous entrainer \u00e0 faire ce kriya sur la r\u00e9sistance aux maladies, que &hellip; <\/p>\n<p class=\"link-more\"><a href=\"https:\/\/anjikayoga.fr\/?page_id=2641\" class=\"more-link\">Continuer la lecture<span class=\"screen-reader-text\"> de &laquo;&nbsp;Pendant les vacances de la Toussaint&nbsp;&raquo;<\/span><\/a><\/p>\n","protected":false},"author":3,"featured_media":0,"parent":0,"menu_order":0,"comment_status":"closed","ping_status":"closed","template":"","meta":[],"_links":{"self":[{"href":"https:\/\/anjikayoga.fr\/index.php?rest_route=\/wp\/v2\/pages\/2641"}],"collection":[{"href":"https:\/\/anjikayoga.fr\/index.php?rest_route=\/wp\/v2\/pages"}],"about":[{"href":"https:\/\/anjikayoga.fr\/index.php?rest_route=\/wp\/v2\/types\/page"}],"author":[{"embeddable":true,"href":"https:\/\/anjikayoga.fr\/index.php?rest_route=\/wp\/v2\/users\/3"}],"replies":[{"embeddable":true,"href":"https:\/\/anjikayoga.fr\/index.php?rest_route=%2Fwp%2Fv2%2Fcomments&post=2641"}],"version-history":[{"count":2,"href":"https:\/\/anjikayoga.fr\/index.php?rest_route=\/wp\/v2\/pages\/2641\/revisions"}],"predecessor-version":[{"id":2643,"href":"https:\/\/anjikayoga.fr\/index.php?rest_route=\/wp\/v2\/pages\/2641\/revisions\/2643"}],"wp:attachment":[{"href":"https:\/\/anjikayoga.fr\/index.php?rest_route=%2Fwp%2Fv2%2Fmedia&parent=2641"}],"curies":[{"name":"wp","href":"https:\/\/api.w.org\/{rel}","templated":true}]}}